{"id":438,"date":"2019-03-02T13:13:10","date_gmt":"2019-03-02T12:13:10","guid":{"rendered":"http:\/\/kantilive.ch\/?page_id=438"},"modified":"2019-03-02T13:17:20","modified_gmt":"2019-03-02T12:17:20","slug":"vzthp4h3agrvs6nd","status":"publish","type":"page","link":"https:\/\/kantilive.ch\/index.php\/vzthp4h3agrvs6nd\/","title":{"rendered":"Schnitzeljagd #2"},"content":{"rendered":"<p>Die Luft wird dick, die Nase zwickt, das Feuerzeug klickt. In welcher Ecke stehst du?<\/p>\n<p>Das ist der Tipp zum n\u00e4chsten QR-Code. Wirst du ihn finden?<\/p>\n","protected":false},"excerpt":{"rendered":"<p>Die Luft wird dick, die Nase zwickt, das Feuerzeug klickt. In welcher Ecke stehst du? Das ist der Tipp zum n\u00e4chsten QR-Code. Wirst du ihn &hellip; <\/p>\n","protected":false},"author":5,"featured_media":0,"parent":0,"menu_order":0,"comment_status":"closed","ping_status":"closed","template":"","meta":{"spay_email":""},"jetpack_sharing_enabled":false,"jetpack_shortlink":"https:\/\/wp.me\/Pav19Q-74","jetpack-related-posts":[{"id":441,"url":"https:\/\/kantilive.ch\/index.php\/4lbibya1oqxtcaty\/","url_meta":{"origin":438,"position":0},"title":"Schnitzeljagd #3","date":"2. M\u00e4rz 2019","format":false,"excerpt":"Wenn dich der Hunger plagt, und die Hilfe des Menschen versagt, und dir die Maschine deinen Traumsnack vorschlagt. Das ist der Tipp zum n\u00e4chsten QR-Code. Wirst du ihn finden?","rel":"","context":"\u00c4hnlicher Beitrag","img":{"alt_text":"","src":"","width":0,"height":0},"classes":[]},{"id":436,"url":"https:\/\/kantilive.ch\/index.php\/5lcl5drfznhln24q\/","url_meta":{"origin":438,"position":1},"title":"Schnitzeljagd #1","date":"2. M\u00e4rz 2019","format":false,"excerpt":"Wenn dein iPad nicht immer funktioniert und du brauchst es repariert, mit wem und wo wird telefoniert? Das ist der Tipp zum n\u00e4chsten QR-Code. Wirst du ihn finden?","rel":"","context":"\u00c4hnlicher Beitrag","img":{"alt_text":"","src":"","width":0,"height":0},"classes":[]},{"id":444,"url":"https:\/\/kantilive.ch\/index.php\/3hxslhsrxcygu84r\/","url_meta":{"origin":438,"position":2},"title":"Schnitzeljagd #4","date":"2. M\u00e4rz 2019","format":false,"excerpt":"Wo in einem Fass ein Mensch sass Gemalt und nie gezahlt Dort findest du den n\u00e4chsten Hinweis. Das ist der Tipp zum n\u00e4chsten QR-Code. Wirst du ihn finden?","rel":"","context":"\u00c4hnlicher Beitrag","img":{"alt_text":"","src":"","width":0,"height":0},"classes":[]},{"id":446,"url":"https:\/\/kantilive.ch\/index.php\/s5bfuq9u0qned7qs\/","url_meta":{"origin":438,"position":3},"title":"Schnitzeljagd #5","date":"2. M\u00e4rz 2019","format":false,"excerpt":"Das Ziel erreicht, doch wo ist der Preis? Bleibt an der Sache dran, und schau auf Instagram. Vielen Dank f\u00fcr deine Teilnahme an der kanti live QR-Code Schnitzeljagd. Du m\u00f6chtest dich auch an coolen Projekten wie diesem beteiligen? Sprich uns doch einfach mal an, wenn du uns siehst. Wir freuen\u2026","rel":"","context":"\u00c4hnlicher Beitrag","img":{"alt_text":"","src":"","width":0,"height":0},"classes":[]},{"id":48,"url":"https:\/\/kantilive.ch\/index.php\/about-us\/","url_meta":{"origin":438,"position":4},"title":"\u00dcber uns","date":"2. Dezember 2018","format":false,"excerpt":"kanti live \u2013 ein Onlineportal von Sch\u00fcler*innen f\u00fcr Sch\u00fcler*innen \u00a0 \u00a0 Wir sind eine bunt gemischte Gruppe neugieriger Sch\u00fcler*innen der Kantonsschule am Burggraben (KSBG) \u2013 und wir haben uns zum Ziel gesetzt, mit \u00abkanti live\u00bb den Schulalltag aufzumischen. Mit unserer Webseite m\u00f6chten wir den Austausch zwischen Sch\u00fcler*innen, Sch\u00fclerorganisationen, Lehrerschaft und\u2026","rel":"","context":"\u00c4hnlicher Beitrag","img":{"alt_text":"","src":"https:\/\/i2.wp.com\/kantilive.ch\/wp-content\/uploads\/2025\/06\/DSC07243-HDR-scaled.jpg?resize=350%2C200","width":350,"height":200},"classes":[]},{"id":5318,"url":"https:\/\/kantilive.ch\/index.php\/ultimatum\/","url_meta":{"origin":438,"position":5},"title":"Ultimatum","date":"27. Mai 2025","format":false,"excerpt":"Seit 2024 wird die Sch\u00fclerzeitung Ultimatum unter der Organisation von kanti live herausgebracht. Hier findet man die ehemaligen Ausgaben des Ultimatums Ultimatum-01 Ultimatum-02 Ultimatum-03 Ultimatum-04 Ultimatum-05 Ultimatum-06 Ultimatum-07 Ultimatum-08 Ultimatum-09 Ultimatum-10 Ultimatum-12 Ultimatum-13 Ultimatum-14 Ultimatum-15 Ultimatum-16 Ultimatum-17 Ultimatum-18 Ultimatum-19 Ultimatum-20 Ultimatum-27 Ultimatum-28 Ultimatum-29 Ultimatum-30 Ultimatum-31 Ultimatum-32 Ultimatum-33 Ultimatum-34 Ultimatum-35 Ultimatum-36\u2026","rel":"","context":"\u00c4hnlicher Beitrag","img":{"alt_text":"","src":"","width":0,"height":0},"classes":[]}],"_links":{"self":[{"href":"https:\/\/kantilive.ch\/index.php\/wp-json\/wp\/v2\/pages\/438"}],"collection":[{"href":"https:\/\/kantilive.ch\/index.php\/wp-json\/wp\/v2\/pages"}],"about":[{"href":"https:\/\/kantilive.ch\/index.php\/wp-json\/wp\/v2\/types\/page"}],"author":[{"embeddable":true,"href":"https:\/\/kantilive.ch\/index.php\/wp-json\/wp\/v2\/users\/5"}],"replies":[{"embeddable":true,"href":"https:\/\/kantilive.ch\/index.php\/wp-json\/wp\/v2\/comments?post=438"}],"version-history":[{"count":0,"href":"https:\/\/kantilive.ch\/index.php\/wp-json\/wp\/v2\/pages\/438\/revisions"}],"wp:attachment":[{"href":"https:\/\/kantilive.ch\/index.php\/wp-json\/wp\/v2\/media?parent=438"}],"curies":[{"name":"wp","href":"https:\/\/api.w.org\/{rel}","templated":true}]}}