{"id":48,"date":"2018-12-02T20:29:27","date_gmt":"2018-12-02T19:29:27","guid":{"rendered":"http:\/\/kantilive.ch\/?page_id=48"},"modified":"2025-07-03T09:03:48","modified_gmt":"2025-07-03T07:03:48","slug":"about-us","status":"publish","type":"page","link":"https:\/\/kantilive.ch\/index.php\/about-us\/","title":{"rendered":"\u00dcber uns"},"content":{"rendered":"<p>kanti live \u2013 ein Onlineportal von Sch\u00fcler*innen f\u00fcr Sch\u00fcler*innen<\/p>\n<p><img data-attachment-id=\"5390\" data-permalink=\"https:\/\/kantilive.ch\/index.php\/about-us\/dsc07243-hdr\/\" data-orig-file=\"https:\/\/i2.wp.com\/kantilive.ch\/wp-content\/uploads\/2025\/06\/DSC07243-HDR-scaled.jpg?fit=2560%2C1600&amp;ssl=1\" data-orig-size=\"2560,1600\" data-comments-opened=\"0\" data-image-meta=\"{&quot;aperture&quot;:&quot;4&quot;,&quot;credit&quot;:&quot;xiong_yihang&quot;,&quot;camera&quot;:&quot;ILCE-7CR&quot;,&quot;caption&quot;:&quot;&quot;,&quot;created_timestamp&quot;:&quot;1746613460&quot;,&quot;copyright&quot;:&quot;&quot;,&quot;focal_length&quot;:&quot;40&quot;,&quot;iso&quot;:&quot;100&quot;,&quot;shutter_speed&quot;:&quot;0.0008&quot;,&quot;title&quot;:&quot;&quot;,&quot;orientation&quot;:&quot;0&quot;}\" data-image-title=\"DSC07243-HDR\" data-image-description=\"\" data-medium-file=\"https:\/\/i2.wp.com\/kantilive.ch\/wp-content\/uploads\/2025\/06\/DSC07243-HDR-scaled.jpg?fit=300%2C187&amp;ssl=1\" data-large-file=\"https:\/\/i2.wp.com\/kantilive.ch\/wp-content\/uploads\/2025\/06\/DSC07243-HDR-scaled.jpg?fit=760%2C475&amp;ssl=1\" decoding=\"async\" loading=\"lazy\" class=\"alignnone size-full wp-image-5390\" src=\"https:\/\/i2.wp.com\/kantilive.ch\/wp-content\/uploads\/2025\/06\/DSC07243-HDR-scaled.jpg?resize=760%2C475\" alt=\"\" width=\"760\" height=\"475\" srcset=\"https:\/\/i2.wp.com\/kantilive.ch\/wp-content\/uploads\/2025\/06\/DSC07243-HDR-scaled.jpg?w=2560&amp;ssl=1 2560w, https:\/\/i2.wp.com\/kantilive.ch\/wp-content\/uploads\/2025\/06\/DSC07243-HDR-scaled.jpg?resize=300%2C187&amp;ssl=1 300w, https:\/\/i2.wp.com\/kantilive.ch\/wp-content\/uploads\/2025\/06\/DSC07243-HDR-scaled.jpg?resize=1024%2C640&amp;ssl=1 1024w, https:\/\/i2.wp.com\/kantilive.ch\/wp-content\/uploads\/2025\/06\/DSC07243-HDR-scaled.jpg?resize=768%2C480&amp;ssl=1 768w, https:\/\/i2.wp.com\/kantilive.ch\/wp-content\/uploads\/2025\/06\/DSC07243-HDR-scaled.jpg?resize=1536%2C960&amp;ssl=1 1536w, https:\/\/i2.wp.com\/kantilive.ch\/wp-content\/uploads\/2025\/06\/DSC07243-HDR-scaled.jpg?resize=2048%2C1280&amp;ssl=1 2048w, https:\/\/i2.wp.com\/kantilive.ch\/wp-content\/uploads\/2025\/06\/DSC07243-HDR-scaled.jpg?resize=1320%2C825&amp;ssl=1 1320w, https:\/\/i2.wp.com\/kantilive.ch\/wp-content\/uploads\/2025\/06\/DSC07243-HDR-scaled.jpg?w=2280 2280w\" sizes=\"(max-width: 760px) 100vw, 760px\" data-recalc-dims=\"1\" \/><\/p>\n<p>&nbsp;<\/p>\n<p>&nbsp;<\/p>\n<p>Wir sind eine bunt gemischte Gruppe neugieriger Sch\u00fcler*innen der Kantonsschule am Burggraben (KSBG) \u2013 und wir haben uns zum Ziel gesetzt, mit \u00abkanti live\u00bb den Schulalltag aufzumischen. Mit unserer Webseite m\u00f6chten wir den Austausch zwischen Sch\u00fcler*innen, Sch\u00fclerorganisationen, Lehrerschaft und Schulleitung f\u00f6rdern, um so den Zusammenhalt an der KSBG und die Verbindung der KSBG zu St.Gallen und der Region zu st\u00e4rken.<\/p>\n<p>Bei uns bekommt jede*r Sch\u00fcler*in die M\u00f6glichkeit, pers\u00f6nliche St\u00e4rken zum Besten zu geben \u2013 sei es beim Schreiben von Texten, beim Moderieren, beim Aufnehmen von Podcasts, beim Filmeschneiden oder beim Gestalten der Webseite. Auf \u00abkanti live\u00bb findet ihr alles: informative Texte, interessante Gespr\u00e4che, unterhaltsame Podcasts und selbstproduzierte Comics und Videos, die von den unterschiedlichsten Menschen aus den verschiedensten Ecken der KSBG und der Stadt St. Gallen handeln \u2013 und vielleicht sogar der Welt.<\/p>\n<p>&nbsp;<\/p>\n<p>F\u00fcr Anfragen\/Fragen und anderes wenden Sie sich bitte an <a href=\"\u201emailto:kantilive@ksbg.ch\u201c\">kantilive@ksbg.ch<\/a><\/p>\n<p>&nbsp;<\/p>\n<p><span style=\"color: #999999;\"><em>\u00abkanti live\u00bb ist weder ein offizielles Publikationsorgan der KSBG noch des Kantons St. Gallen, sondern ein Sch\u00fclerprojekt, das vom o.u.t., dem Ehemaligenverein der KSBG (<a style=\"color: #999999;\" href=\"http:\/\/www.out-kanti.ch\">www.out-kanti.ch<\/a>), getragen und von einem Lehrerteam unterst\u00fctzt wird. Die Ve<\/em><\/span><em style=\"color: #999999; font-size: 1rem;\">rantwortung f\u00fcr die Inhalte tr\u00e4gt die Sch\u00fclerredaktion von \u00abkanti live\u00bb.<\/em><\/p>\n<p><span style=\"color: #999999;\"><em>Urheberin Logo: Camilla Chazar Testere<\/em><\/span><\/p>\n<p>&nbsp;<\/p>\n<p><em>gesponsert von<\/em><\/p>\n<p><img data-attachment-id=\"836\" data-permalink=\"https:\/\/kantilive.ch\/index.php\/about-us\/out_sw_9000-sg-und-web-neu-2016\/\" data-orig-file=\"https:\/\/i1.wp.com\/kantilive.ch\/wp-content\/uploads\/2019\/07\/out_sw_9000-SG-und-Web-neu-2016.png?fit=8996%2C2101&amp;ssl=1\" data-orig-size=\"8996,2101\" data-comments-opened=\"0\" data-image-meta=\"{&quot;aperture&quot;:&quot;0&quot;,&quot;credit&quot;:&quot;&quot;,&quot;camera&quot;:&quot;&quot;,&quot;caption&quot;:&quot;&quot;,&quot;created_timestamp&quot;:&quot;0&quot;,&quot;copyright&quot;:&quot;&quot;,&quot;focal_length&quot;:&quot;0&quot;,&quot;iso&quot;:&quot;0&quot;,&quot;shutter_speed&quot;:&quot;0&quot;,&quot;title&quot;:&quot;&quot;,&quot;orientation&quot;:&quot;0&quot;}\" data-image-title=\"out_sw_9000 SG und Web neu 2016\" data-image-description=\"\" data-medium-file=\"https:\/\/i1.wp.com\/kantilive.ch\/wp-content\/uploads\/2019\/07\/out_sw_9000-SG-und-Web-neu-2016.png?fit=300%2C70&amp;ssl=1\" data-large-file=\"https:\/\/i1.wp.com\/kantilive.ch\/wp-content\/uploads\/2019\/07\/out_sw_9000-SG-und-Web-neu-2016.png?fit=760%2C177&amp;ssl=1\" decoding=\"async\" loading=\"lazy\" class=\"alignnone size-large wp-image-836\" style=\"font-size: 1rem;\" src=\"https:\/\/i1.wp.com\/kantilive.ch\/wp-content\/uploads\/2019\/07\/out_sw_9000-SG-und-Web-neu-2016.png?resize=525%2C123\" alt=\"\" width=\"525\" height=\"123\" srcset=\"https:\/\/i1.wp.com\/kantilive.ch\/wp-content\/uploads\/2019\/07\/out_sw_9000-SG-und-Web-neu-2016.png?resize=1024%2C239&amp;ssl=1 1024w, https:\/\/i1.wp.com\/kantilive.ch\/wp-content\/uploads\/2019\/07\/out_sw_9000-SG-und-Web-neu-2016.png?resize=300%2C70&amp;ssl=1 300w, https:\/\/i1.wp.com\/kantilive.ch\/wp-content\/uploads\/2019\/07\/out_sw_9000-SG-und-Web-neu-2016.png?resize=768%2C179&amp;ssl=1 768w, https:\/\/i1.wp.com\/kantilive.ch\/wp-content\/uploads\/2019\/07\/out_sw_9000-SG-und-Web-neu-2016.png?w=1520 1520w, https:\/\/i1.wp.com\/kantilive.ch\/wp-content\/uploads\/2019\/07\/out_sw_9000-SG-und-Web-neu-2016.png?w=2280 2280w\" sizes=\"(max-width: 525px) 100vw, 525px\" data-recalc-dims=\"1\" \/><\/p>\n","protected":false},"excerpt":{"rendered":"<p>kanti live \u2013 ein Onlineportal von Sch\u00fcler*innen f\u00fcr Sch\u00fcler*innen &nbsp; &nbsp; Wir sind eine bunt gemischte Gruppe neugieriger Sch\u00fcler*innen der Kantonsschule am Burggraben (KSBG) \u2013 &hellip; <\/p>\n","protected":false},"author":10,"featured_media":0,"parent":0,"menu_order":0,"comment_status":"closed","ping_status":"closed","template":"","meta":{"spay_email":""},"jetpack_sharing_enabled":true,"jetpack_shortlink":"https:\/\/wp.me\/Pav19Q-M","jetpack-related-posts":[{"id":446,"url":"https:\/\/kantilive.ch\/index.php\/s5bfuq9u0qned7qs\/","url_meta":{"origin":48,"position":0},"title":"Schnitzeljagd #5","date":"2. M\u00e4rz 2019","format":false,"excerpt":"Das Ziel erreicht, doch wo ist der Preis? Bleibt an der Sache dran, und schau auf Instagram. Vielen Dank f\u00fcr deine Teilnahme an der kanti live QR-Code Schnitzeljagd. Du m\u00f6chtest dich auch an coolen Projekten wie diesem beteiligen? Sprich uns doch einfach mal an, wenn du uns siehst. Wir freuen\u2026","rel":"","context":"\u00c4hnlicher Beitrag","img":{"alt_text":"","src":"","width":0,"height":0},"classes":[]},{"id":441,"url":"https:\/\/kantilive.ch\/index.php\/4lbibya1oqxtcaty\/","url_meta":{"origin":48,"position":1},"title":"Schnitzeljagd #3","date":"2. M\u00e4rz 2019","format":false,"excerpt":"Wenn dich der Hunger plagt, und die Hilfe des Menschen versagt, und dir die Maschine deinen Traumsnack vorschlagt. Das ist der Tipp zum n\u00e4chsten QR-Code. Wirst du ihn finden?","rel":"","context":"\u00c4hnlicher Beitrag","img":{"alt_text":"","src":"","width":0,"height":0},"classes":[]},{"id":5318,"url":"https:\/\/kantilive.ch\/index.php\/ultimatum\/","url_meta":{"origin":48,"position":2},"title":"Ultimatum","date":"27. Mai 2025","format":false,"excerpt":"Seit 2024 wird die Sch\u00fclerzeitung Ultimatum unter der Organisation von kanti live herausgebracht. Hier findet man die ehemaligen Ausgaben des Ultimatums Ultimatum-01 Ultimatum-02 Ultimatum-03 Ultimatum-04 Ultimatum-05 Ultimatum-06 Ultimatum-07 Ultimatum-08 Ultimatum-09 Ultimatum-10 Ultimatum-12 Ultimatum-13 Ultimatum-14 Ultimatum-15 Ultimatum-16 Ultimatum-17 Ultimatum-18 Ultimatum-19 Ultimatum-20 Ultimatum-27 Ultimatum-28 Ultimatum-29 Ultimatum-30 Ultimatum-31 Ultimatum-32 Ultimatum-33 Ultimatum-34 Ultimatum-35 Ultimatum-36\u2026","rel":"","context":"\u00c4hnlicher Beitrag","img":{"alt_text":"","src":"","width":0,"height":0},"classes":[]},{"id":436,"url":"https:\/\/kantilive.ch\/index.php\/5lcl5drfznhln24q\/","url_meta":{"origin":48,"position":3},"title":"Schnitzeljagd #1","date":"2. M\u00e4rz 2019","format":false,"excerpt":"Wenn dein iPad nicht immer funktioniert und du brauchst es repariert, mit wem und wo wird telefoniert? Das ist der Tipp zum n\u00e4chsten QR-Code. Wirst du ihn finden?","rel":"","context":"\u00c4hnlicher Beitrag","img":{"alt_text":"","src":"","width":0,"height":0},"classes":[]},{"id":444,"url":"https:\/\/kantilive.ch\/index.php\/3hxslhsrxcygu84r\/","url_meta":{"origin":48,"position":4},"title":"Schnitzeljagd #4","date":"2. M\u00e4rz 2019","format":false,"excerpt":"Wo in einem Fass ein Mensch sass Gemalt und nie gezahlt Dort findest du den n\u00e4chsten Hinweis. Das ist der Tipp zum n\u00e4chsten QR-Code. Wirst du ihn finden?","rel":"","context":"\u00c4hnlicher Beitrag","img":{"alt_text":"","src":"","width":0,"height":0},"classes":[]},{"id":465,"url":"https:\/\/kantilive.ch\/index.php\/schnitzeljagd-teaser\/","url_meta":{"origin":48,"position":5},"title":"Schnitzeljagd Teaser","date":"4. M\u00e4rz 2019","format":false,"excerpt":"Hey, wir sind kanti live. Ab morgen beginnt unsere grosse Schnitzeljagd. Sei doch dabei ;-)","rel":"","context":"\u00c4hnlicher Beitrag","img":{"alt_text":"","src":"","width":0,"height":0},"classes":[]}],"_links":{"self":[{"href":"https:\/\/kantilive.ch\/index.php\/wp-json\/wp\/v2\/pages\/48"}],"collection":[{"href":"https:\/\/kantilive.ch\/index.php\/wp-json\/wp\/v2\/pages"}],"about":[{"href":"https:\/\/kantilive.ch\/index.php\/wp-json\/wp\/v2\/types\/page"}],"author":[{"embeddable":true,"href":"https:\/\/kantilive.ch\/index.php\/wp-json\/wp\/v2\/users\/10"}],"replies":[{"embeddable":true,"href":"https:\/\/kantilive.ch\/index.php\/wp-json\/wp\/v2\/comments?post=48"}],"version-history":[{"count":27,"href":"https:\/\/kantilive.ch\/index.php\/wp-json\/wp\/v2\/pages\/48\/revisions"}],"predecessor-version":[{"id":5416,"href":"https:\/\/kantilive.ch\/index.php\/wp-json\/wp\/v2\/pages\/48\/revisions\/5416"}],"wp:attachment":[{"href":"https:\/\/kantilive.ch\/index.php\/wp-json\/wp\/v2\/media?parent=48"}],"curies":[{"name":"wp","href":"https:\/\/api.w.org\/{rel}","templated":true}]}}