{"id":5318,"date":"2025-05-27T16:03:18","date_gmt":"2025-05-27T14:03:18","guid":{"rendered":"https:\/\/kantilive.ch\/?page_id=5318"},"modified":"2025-06-02T22:24:37","modified_gmt":"2025-06-02T20:24:37","slug":"ultimatum","status":"publish","type":"page","link":"https:\/\/kantilive.ch\/index.php\/ultimatum\/","title":{"rendered":"Ultimatum"},"content":{"rendered":"<p>Seit 2024 wird die Sch\u00fclerzeitung <em>Ultimatum<\/em> unter der Organisation von kanti live herausgebracht. Hier findet man die ehemaligen Ausgaben des Ultimatums<\/p>\n<p><a href=\"http:\/\/kantilive.ch\/wp-content\/uploads\/2025\/06\/Ultimatum-01.pdf\">Ultimatum-01<\/a><\/p>\n<p><a href=\"http:\/\/kantilive.ch\/wp-content\/uploads\/2025\/06\/Ultimatum-02.pdf\">Ultimatum-02<\/a><\/p>\n<p><a href=\"http:\/\/kantilive.ch\/wp-content\/uploads\/2025\/06\/Ultimatum-03.pdf\">Ultimatum-03<\/a><\/p>\n<p><a href=\"http:\/\/kantilive.ch\/wp-content\/uploads\/2025\/06\/Ultimatum-04.pdf\">Ultimatum-04<\/a><\/p>\n<p><a href=\"http:\/\/kantilive.ch\/wp-content\/uploads\/2025\/06\/Ultimatum-05.pdf\">Ultimatum-05<\/a><\/p>\n<p><a href=\"http:\/\/kantilive.ch\/wp-content\/uploads\/2025\/06\/Ultimatum-06.pdf\">Ultimatum-06<\/a><\/p>\n<p><a href=\"http:\/\/kantilive.ch\/wp-content\/uploads\/2025\/06\/Ultimatum-07.pdf\">Ultimatum-07<\/a><\/p>\n<p><a href=\"http:\/\/kantilive.ch\/wp-content\/uploads\/2025\/06\/Ultimatum-08.pdf\">Ultimatum-08<\/a><\/p>\n<p><a href=\"http:\/\/kantilive.ch\/wp-content\/uploads\/2025\/06\/Ultimatum-09.pdf\">Ultimatum-09<\/a><\/p>\n<p><a href=\"http:\/\/kantilive.ch\/wp-content\/uploads\/2025\/06\/Ultimatum-10.pdf\">Ultimatum-10<\/a><\/p>\n<p><a href=\"http:\/\/kantilive.ch\/wp-content\/uploads\/2025\/06\/Ultimatum-12.pdf\">Ultimatum-12<\/a><\/p>\n<p><a href=\"http:\/\/kantilive.ch\/wp-content\/uploads\/2025\/06\/Ultimatum-13.pdf\">Ultimatum-13<\/a><\/p>\n<p><a href=\"http:\/\/kantilive.ch\/wp-content\/uploads\/2025\/06\/Ultimatum-14.pdf\">Ultimatum-14<\/a><\/p>\n<p><a href=\"http:\/\/kantilive.ch\/wp-content\/uploads\/2025\/06\/Ultimatum-15.pdf\">Ultimatum-15<\/a><\/p>\n<p><a href=\"http:\/\/kantilive.ch\/wp-content\/uploads\/2025\/06\/Ultimatum-16.pdf\">Ultimatum-16<\/a><\/p>\n<p><a href=\"http:\/\/kantilive.ch\/wp-content\/uploads\/2025\/06\/Ultimatum-17.pdf\">Ultimatum-17<\/a><\/p>\n<p><a href=\"http:\/\/kantilive.ch\/wp-content\/uploads\/2025\/06\/Ultimatum-18.pdf\">Ultimatum-18<\/a><\/p>\n<p><a href=\"http:\/\/kantilive.ch\/wp-content\/uploads\/2025\/06\/Ultimatum-19.pdf\">Ultimatum-19<\/a><\/p>\n<p><a href=\"http:\/\/kantilive.ch\/wp-content\/uploads\/2025\/06\/Ultimatum-20.pdf\">Ultimatum-20<\/a><\/p>\n<p><a href=\"http:\/\/kantilive.ch\/wp-content\/uploads\/2025\/06\/Ultimatum-27.pdf\">Ultimatum-27<\/a><\/p>\n<p><a href=\"http:\/\/kantilive.ch\/wp-content\/uploads\/2025\/06\/Ultimatum-28.pdf\">Ultimatum-28<\/a><\/p>\n<p><a href=\"http:\/\/kantilive.ch\/wp-content\/uploads\/2025\/06\/Ultimatum-29.pdf\">Ultimatum-29<\/a><\/p>\n<p><a href=\"http:\/\/kantilive.ch\/wp-content\/uploads\/2025\/06\/Ultimatum-30.pdf\">Ultimatum-30<\/a><\/p>\n<p><a href=\"http:\/\/kantilive.ch\/wp-content\/uploads\/2025\/06\/Ultimatum-31.pdf\">Ultimatum-31<\/a><\/p>\n<p><a href=\"http:\/\/kantilive.ch\/wp-content\/uploads\/2025\/06\/Ultimatum-32.pdf\">Ultimatum-32<\/a><\/p>\n<p><a href=\"http:\/\/kantilive.ch\/wp-content\/uploads\/2025\/06\/Ultimatum-33.pdf\">Ultimatum-33<\/a><\/p>\n<p><a href=\"http:\/\/kantilive.ch\/wp-content\/uploads\/2025\/06\/Ultimatum-34.pdf\">Ultimatum-34<\/a><\/p>\n<p><a href=\"http:\/\/kantilive.ch\/wp-content\/uploads\/2025\/06\/Ultimatum-35.pdf\">Ultimatum-35<\/a><\/p>\n<p><a href=\"http:\/\/kantilive.ch\/wp-content\/uploads\/2025\/06\/Ultimatum-36.pdf\">Ultimatum-36<\/a><\/p>\n<p><a href=\"http:\/\/kantilive.ch\/wp-content\/uploads\/2025\/06\/Ultimatum-37.pdf\">Ultimatum-37<\/a><\/p>\n<p><a href=\"http:\/\/kantilive.ch\/wp-content\/uploads\/2025\/06\/Ultimatum-38.pdf\">Ultimatum-38<\/a><\/p>\n<p><a href=\"http:\/\/kantilive.ch\/wp-content\/uploads\/2025\/06\/Ultimatum-39.pdf\">Ultimatum-39<\/a><\/p>\n<p><a href=\"http:\/\/kantilive.ch\/wp-content\/uploads\/2025\/06\/Ultimatum-40.pdf\">Ultimatum-40<\/a><\/p>\n<p><a href=\"http:\/\/kantilive.ch\/wp-content\/uploads\/2025\/06\/Ultimatum-41.pdf\">Ultimatum-41<\/a><\/p>\n<p><a href=\"http:\/\/kantilive.ch\/wp-content\/uploads\/2025\/06\/Ultimatum-44.pdf\">Ultimatum-44<\/a><\/p>\n<p><a href=\"http:\/\/kantilive.ch\/wp-content\/uploads\/2025\/06\/Ultimatum-45.pdf\">Ultimatum-45<\/a><\/p>\n<p><a href=\"http:\/\/kantilive.ch\/wp-content\/uploads\/2025\/06\/Ultimatum-46.pdf\">Ultimatum-46<\/a><\/p>\n<p><a href=\"http:\/\/kantilive.ch\/wp-content\/uploads\/2025\/06\/Ultimatum-47.pdf\">Ultimatum-47<\/a><\/p>\n<p><a href=\"http:\/\/kantilive.ch\/wp-content\/uploads\/2025\/06\/Ultimatum-48.pdf\">Ultimatum-48<\/a><\/p>\n<p><a href=\"http:\/\/kantilive.ch\/wp-content\/uploads\/2025\/06\/Ultimatum-49.pdf\">Ultimatum-49<\/a><\/p>\n<p><a href=\"http:\/\/kantilive.ch\/wp-content\/uploads\/2025\/06\/Ultimatum-50.pdf\">Ultimatum-50<\/a><\/p>\n<p><a href=\"http:\/\/kantilive.ch\/wp-content\/uploads\/2025\/06\/Ultimatum-51.pdf\">Ultimatum-51<\/a><\/p>\n<p><a href=\"http:\/\/kantilive.ch\/wp-content\/uploads\/2025\/06\/Ultimatum-52.pdf\">Ultimatum-52<\/a><\/p>\n<p><a href=\"http:\/\/kantilive.ch\/wp-content\/uploads\/2025\/06\/Ultimatum-53.pdf\">Ultimatum-53<\/a><\/p>\n<p><a href=\"http:\/\/kantilive.ch\/wp-content\/uploads\/2025\/06\/Ultimatum-54.pdf\">Ultimatum-54<\/a><\/p>\n<p><a href=\"http:\/\/kantilive.ch\/wp-content\/uploads\/2025\/06\/Ultimatum-55.pdf\">Ultimatum-55<\/a><\/p>\n<p><a href=\"http:\/\/kantilive.ch\/wp-content\/uploads\/2025\/06\/Ultimatum-57.pdf\">Ultimatum-57<\/a><\/p>\n<p><a href=\"http:\/\/kantilive.ch\/wp-content\/uploads\/2025\/06\/Ultimatum-58.pdf\">Ultimatum-58<\/a><\/p>\n<p><a href=\"http:\/\/kantilive.ch\/wp-content\/uploads\/2025\/06\/Ultimatum-59.pdf\">Ultimatum-59<\/a><\/p>\n<p><a href=\"http:\/\/kantilive.ch\/wp-content\/uploads\/2025\/06\/Ultimatum-60.pdf\">Ultimatum-60<\/a><\/p>\n<p><a href=\"http:\/\/kantilive.ch\/wp-content\/uploads\/2025\/06\/Ultimatum-61.pdf\">Ultimatum-61<\/a><\/p>\n<p><a href=\"http:\/\/kantilive.ch\/wp-content\/uploads\/2025\/06\/Ultimatum-62-Lehrerbeilage.pdf\">Ultimatum-62-Lehrerbeilage<\/a><\/p>\n<p><a href=\"http:\/\/kantilive.ch\/wp-content\/uploads\/2025\/06\/Ultimatum-62.pdf\">Ultimatum-62<\/a><\/p>\n<p><a href=\"http:\/\/kantilive.ch\/wp-content\/uploads\/2025\/06\/Ultimatum-65.pdf\">Ultimatum-65<\/a><\/p>\n<p><a href=\"http:\/\/kantilive.ch\/wp-content\/uploads\/2025\/06\/Ultimatum-68.pdf\">Ultimatum-68<\/a><\/p>\n<p><a href=\"http:\/\/kantilive.ch\/wp-content\/uploads\/2025\/05\/GzD_241814_Kanti_Burggraben_A4_Brosch_Ultimatum88.pdf\">Ausgabe 88<\/a><\/p>\n","protected":false},"excerpt":{"rendered":"<p>Seit 2024 wird die Sch\u00fclerzeitung Ultimatum unter der Organisation von kanti live herausgebracht. Hier findet man die ehemaligen Ausgaben des Ultimatums Ultimatum-01 Ultimatum-02 Ultimatum-03 Ultimatum-04 &hellip; <\/p>\n","protected":false},"author":72,"featured_media":0,"parent":0,"menu_order":0,"comment_status":"closed","ping_status":"closed","template":"","meta":{"spay_email":""},"jetpack_sharing_enabled":true,"jetpack_shortlink":"https:\/\/wp.me\/Pav19Q-1nM","jetpack-related-posts":[{"id":48,"url":"https:\/\/kantilive.ch\/index.php\/about-us\/","url_meta":{"origin":5318,"position":0},"title":"\u00dcber uns","date":"2. Dezember 2018","format":false,"excerpt":"kanti live \u2013 ein Onlineportal von Sch\u00fcler*innen f\u00fcr Sch\u00fcler*innen \u00a0 \u00a0 Wir sind eine bunt gemischte Gruppe neugieriger Sch\u00fcler*innen der Kantonsschule am Burggraben (KSBG) \u2013 und wir haben uns zum Ziel gesetzt, mit \u00abkanti live\u00bb den Schulalltag aufzumischen. Mit unserer Webseite m\u00f6chten wir den Austausch zwischen Sch\u00fcler*innen, Sch\u00fclerorganisationen, Lehrerschaft und\u2026","rel":"","context":"\u00c4hnlicher Beitrag","img":{"alt_text":"","src":"https:\/\/i2.wp.com\/kantilive.ch\/wp-content\/uploads\/2025\/06\/DSC07243-HDR-scaled.jpg?resize=350%2C200","width":350,"height":200},"classes":[]},{"id":438,"url":"https:\/\/kantilive.ch\/index.php\/vzthp4h3agrvs6nd\/","url_meta":{"origin":5318,"position":1},"title":"Schnitzeljagd #2","date":"2. M\u00e4rz 2019","format":false,"excerpt":"Die Luft wird dick, die Nase zwickt, das Feuerzeug klickt. In welcher Ecke stehst du? Das ist der Tipp zum n\u00e4chsten QR-Code. Wirst du ihn finden?","rel":"","context":"\u00c4hnlicher Beitrag","img":{"alt_text":"","src":"","width":0,"height":0},"classes":[]},{"id":441,"url":"https:\/\/kantilive.ch\/index.php\/4lbibya1oqxtcaty\/","url_meta":{"origin":5318,"position":2},"title":"Schnitzeljagd #3","date":"2. M\u00e4rz 2019","format":false,"excerpt":"Wenn dich der Hunger plagt, und die Hilfe des Menschen versagt, und dir die Maschine deinen Traumsnack vorschlagt. Das ist der Tipp zum n\u00e4chsten QR-Code. Wirst du ihn finden?","rel":"","context":"\u00c4hnlicher Beitrag","img":{"alt_text":"","src":"","width":0,"height":0},"classes":[]}],"_links":{"self":[{"href":"https:\/\/kantilive.ch\/index.php\/wp-json\/wp\/v2\/pages\/5318"}],"collection":[{"href":"https:\/\/kantilive.ch\/index.php\/wp-json\/wp\/v2\/pages"}],"about":[{"href":"https:\/\/kantilive.ch\/index.php\/wp-json\/wp\/v2\/types\/page"}],"author":[{"embeddable":true,"href":"https:\/\/kantilive.ch\/index.php\/wp-json\/wp\/v2\/users\/72"}],"replies":[{"embeddable":true,"href":"https:\/\/kantilive.ch\/index.php\/wp-json\/wp\/v2\/comments?post=5318"}],"version-history":[{"count":4,"href":"https:\/\/kantilive.ch\/index.php\/wp-json\/wp\/v2\/pages\/5318\/revisions"}],"predecessor-version":[{"id":5389,"href":"https:\/\/kantilive.ch\/index.php\/wp-json\/wp\/v2\/pages\/5318\/revisions\/5389"}],"wp:attachment":[{"href":"https:\/\/kantilive.ch\/index.php\/wp-json\/wp\/v2\/media?parent=5318"}],"curies":[{"name":"wp","href":"https:\/\/api.w.org\/{rel}","templated":true}]}}